{"id":266,"date":"2020-02-15T23:59:12","date_gmt":"2020-02-15T23:59:12","guid":{"rendered":"http:\/\/cimnetecnologia.com\/empreses\/"},"modified":"2020-03-17T16:48:45","modified_gmt":"2020-03-17T16:48:45","slug":"empreses","status":"publish","type":"page","link":"https:\/\/www.cimnetecnologia.com\/ca\/empreses\/","title":{"rendered":"Empreses"},"content":{"rendered":"<div class=\"wpb-content-wrapper\"><p>[vc_section el_id=&#8221;empresas&#8221;][vc_row][vc_column][vc_column_text]<\/p>\n<h2>Empreses.<\/h2>\n<p>Empreses spin-off de CIMNE i CIMNE Tecnologia per a la industrialitzaci\u00f3 i comercialitzaci\u00f3 de tecnologies a nivell mundial.[\/vc_column_text][\/vc_column][\/vc_row][vc_row el_class=&#8221;row-empresas&#8221;][vc_column][vc_column_text]<\/p>\n<h3 class=\"vc_custom_heading\">1<sup>a<\/sup> Generaci\u00f3n <small>desde 1996 a 2010<\/small><\/h3>\n<p>[\/vc_column_text]<div class=\"card card-member \" id=\"\">\r\n                  <div class=\"row no-gutters\">\r\n                    <div class=\"col-md-auto\">\r\n                      <div class=\"img\"><img loading=\"lazy\" decoding=\"async\" width=\"190\" height=\"170\" src=\"https:\/\/www.cimnetecnologia.com\/wp-content\/uploads\/2020\/02\/empresa-1.jpg\" class=\"attachment-empresa size-empresa\" alt=\"\" srcset=\"https:\/\/www.cimnetecnologia.com\/wp-content\/uploads\/2020\/02\/empresa-1.jpg 190w, https:\/\/www.cimnetecnologia.com\/wp-content\/uploads\/2020\/02\/empresa-1-100x89.jpg 100w\" sizes=\"auto, (max-width: 190px) 100vw, 190px\" \/><\/div>\r\n                    <\/div>\r\n                    <div class=\"col-md\">\r\n                      <div class=\"card-body\">\r\n                        <h4 class=\"h3\">Quantech ATZ<\/h4>\r\n                        \r\n                        <a href=\"http:\/\/www.quantech.es\" title=\"http:\/\/www.quantech.es\/\" target=\"_blank\">http:\/\/www.quantech.es\/<\/a>\r\n                        <div class=\"card-text\"><p>Empresa creada en 1996. Participada per professors i investigadors de CIMNE. Model: Llic\u00e8ncia d&#8217;explotaci\u00f3 de tecnologies desenvolupades en CIMNE. Desenvolupament i comercialitzaci\u00f3 de programis de simulaci\u00f3 de processos de producci\u00f3. Principals productes: Stampack, Vulcan i Desenvolupament de sistemes industrials a mesura.<\/p>\n<\/div>\r\n                      <\/div>\r\n                    <\/div>\r\n                  <\/div>\r\n                <\/div><div class=\"card card-member \" id=\"\">\r\n                  <div class=\"row no-gutters\">\r\n                    <div class=\"col-md-auto\">\r\n                      <div class=\"img\"><img loading=\"lazy\" decoding=\"async\" width=\"190\" height=\"170\" src=\"https:\/\/www.cimnetecnologia.com\/wp-content\/uploads\/2020\/02\/empresa-2.jpg\" class=\"attachment-empresa size-empresa\" alt=\"\" srcset=\"https:\/\/www.cimnetecnologia.com\/wp-content\/uploads\/2020\/02\/empresa-2.jpg 190w, https:\/\/www.cimnetecnologia.com\/wp-content\/uploads\/2020\/02\/empresa-2-100x89.jpg 100w\" sizes=\"auto, (max-width: 190px) 100vw, 190px\" \/><\/div>\r\n                    <\/div>\r\n                    <div class=\"col-md\">\r\n                      <div class=\"card-body\">\r\n                        <h4 class=\"h3\">Compass Ingenier\u00eda y Sistemas S.A.<\/h4>\r\n                        \r\n                        <a href=\"http:\/\/www.compassis.com\" title=\"http:\/\/www.compassis.com\" target=\"_blank\">http:\/\/www.compassis.com<\/a>\r\n                        <div class=\"card-text\"><p>Empresa creada en 2001. Creada per investigadors de CIMNE i participada per CIMNE. Model: Participaci\u00f3 en l&#8217;empresa i llic\u00e8ncia de tecnologia. Desenvolupament i comercialitzaci\u00f3 de programes per a enginyeria Naval i Generaci\u00f3 d&#8217;energia e\u00f2lica Off-shore. Principals productes: Tdyn, RamSeries, SeaFEM, Lognoter.<\/p>\n<\/div>\r\n                      <\/div>\r\n                    <\/div>\r\n                  <\/div>\r\n                <\/div><div class=\"card card-member \" id=\"\">\r\n                  <div class=\"row no-gutters\">\r\n                    <div class=\"col-md-auto\">\r\n                      <div class=\"img\"><img loading=\"lazy\" decoding=\"async\" width=\"190\" height=\"170\" src=\"https:\/\/www.cimnetecnologia.com\/wp-content\/uploads\/2020\/02\/empresa-3.jpg\" class=\"attachment-empresa size-empresa\" alt=\"\" srcset=\"https:\/\/www.cimnetecnologia.com\/wp-content\/uploads\/2020\/02\/empresa-3.jpg 190w, https:\/\/www.cimnetecnologia.com\/wp-content\/uploads\/2020\/02\/empresa-3-100x89.jpg 100w\" sizes=\"auto, (max-width: 190px) 100vw, 190px\" \/><\/div>\r\n                    <\/div>\r\n                    <div class=\"col-md\">\r\n                      <div class=\"card-body\">\r\n                        <h4 class=\"h3\">Soluciones Integrales de Formaci\u00f3n y Gesti\u00f3n Structuralia S.A.<\/h4>\r\n                        \r\n                        <a href=\"http:\/\/www.structuralia.com\" title=\"http:\/\/www.structuralia.com\" target=\"_blank\">http:\/\/www.structuralia.com<\/a>\r\n                        <div class=\"card-text\"><p>Empresa creada en 2001 per CIMNE i Tessel\u00b7la (OHL). Model: Participaci\u00f3 en la societat i Llic\u00e8ncia de Tecnologia. Empresa dedicada als serveis de formaci\u00f3 on-line per a enginyeria. L\u00edder a Espanya. L&#8217;empresa s&#8217;ha venut al grup multinacional Kaplan l&#8217;any 2011.<\/p>\n<\/div>\r\n                      <\/div>\r\n                    <\/div>\r\n                  <\/div>\r\n                <\/div><div class=\"card card-member \" id=\"\">\r\n                  <div class=\"row no-gutters\">\r\n                    <div class=\"col-md-auto\">\r\n                      <div class=\"img\"><img loading=\"lazy\" decoding=\"async\" width=\"190\" height=\"170\" src=\"https:\/\/www.cimnetecnologia.com\/wp-content\/uploads\/2020\/02\/empresa-4.jpg\" class=\"attachment-empresa size-empresa\" alt=\"\" srcset=\"https:\/\/www.cimnetecnologia.com\/wp-content\/uploads\/2020\/02\/empresa-4.jpg 190w, https:\/\/www.cimnetecnologia.com\/wp-content\/uploads\/2020\/02\/empresa-4-100x89.jpg 100w\" sizes=\"auto, (max-width: 190px) 100vw, 190px\" \/><\/div>\r\n                    <\/div>\r\n                    <div class=\"col-md\">\r\n                      <div class=\"card-body\">\r\n                        <h4 class=\"h3\">Buildair Ingenier\u00eda y Arquitectura S.A.<\/h4>\r\n                        \r\n                        <a href=\"http:\/\/www.buildair.com\" title=\"http:\/\/www.buildair.com\" target=\"_blank\">http:\/\/www.buildair.com<\/a>\r\n                        <div class=\"card-text\"><p>Empresa creada l&#8217;any 2001 per un grup d&#8217;investigadors de CIMNE i professors de la UPC. Participada per CIMNE Tecnologia. Model: Participaci\u00f3 en la societat. Empresa dedicada al disseny, producci\u00f3 i comercialitzaci\u00f3 d&#8217;estructures inflables de gran grand\u00e0ria.<\/p>\n<\/div>\r\n                      <\/div>\r\n                    <\/div>\r\n                  <\/div>\r\n                <\/div>[\/vc_column][\/vc_row][vc_row el_class=&#8221;row-empresas&#8221;][vc_column][vc_column_text]<\/p>\n<h3 class=\"vc_custom_heading\">2<sup>a<\/sup> Generaci\u00f3n <small>a partir de 2011 en adelante<\/small><\/h3>\n<p>[\/vc_column_text]<div class=\"card card-member \" id=\"\">\r\n                  <div class=\"row no-gutters\">\r\n                    <div class=\"col-md-auto\">\r\n                      <div class=\"img\"><img loading=\"lazy\" decoding=\"async\" width=\"190\" height=\"170\" src=\"https:\/\/www.cimnetecnologia.com\/wp-content\/uploads\/2020\/02\/empresa-5.jpg\" class=\"attachment-empresa size-empresa\" alt=\"\" srcset=\"https:\/\/www.cimnetecnologia.com\/wp-content\/uploads\/2020\/02\/empresa-5.jpg 190w, https:\/\/www.cimnetecnologia.com\/wp-content\/uploads\/2020\/02\/empresa-5-100x89.jpg 100w\" sizes=\"auto, (max-width: 190px) 100vw, 190px\" \/><\/div>\r\n                    <\/div>\r\n                    <div class=\"col-md\">\r\n                      <div class=\"card-body\">\r\n                        <h4 class=\"h3\">Computational and Information Technologies S.A.<\/h4>\r\n                        \r\n                        \r\n                        <div class=\"card-text\"><p>Empresa creada en 2012 propietat de CIMNE Tecnologia. Model: Participacion en la societat. Empresa dedicada a desenvolupar i explotar tecnologies per al processament d&#8217;informaci\u00f3 i la seva utilitzaci\u00f3 en diferents aplicacions industrials.<\/p>\n<\/div>\r\n                      <\/div>\r\n                    <\/div>\r\n                  <\/div>\r\n                <\/div><div class=\"card card-member \" id=\"\">\r\n                  <div class=\"row no-gutters\">\r\n                    <div class=\"col-md-auto\">\r\n                      <div class=\"img\"><img loading=\"lazy\" decoding=\"async\" width=\"190\" height=\"170\" src=\"https:\/\/www.cimnetecnologia.com\/wp-content\/uploads\/2020\/02\/empresa-6.jpg\" class=\"attachment-empresa size-empresa\" alt=\"\" srcset=\"https:\/\/www.cimnetecnologia.com\/wp-content\/uploads\/2020\/02\/empresa-6.jpg 190w, https:\/\/www.cimnetecnologia.com\/wp-content\/uploads\/2020\/02\/empresa-6-100x89.jpg 100w\" sizes=\"auto, (max-width: 190px) 100vw, 190px\" \/><\/div>\r\n                    <\/div>\r\n                    <div class=\"col-md\">\r\n                      <div class=\"card-body\">\r\n                        <h4 class=\"h3\">RSM Gass\u00f3 Cimne Energy S.L.<\/h4>\r\n                        \r\n                        <a href=\"http:\/\/www.inergybcn.com\" title=\"http:\/\/www.inergybcn.com\" target=\"_blank\">http:\/\/www.inergybcn.com<\/a>\r\n                        <div class=\"card-text\"><p>Empresa creada l\u2019any 2012 por CIMNE Tecnolog\u00eda i RSM Gass\u00f3. Model: Participaci\u00f3 en la companyia i llic\u00e8ncia de tecnologia. Inergy ofereix solucions basades en la combinaci\u00f3 de serveis de consultoria energ\u00e8tica avan\u00e7ada i productes de software propi pioners en el mercat.<\/p>\n<\/div>\r\n                      <\/div>\r\n                    <\/div>\r\n                  <\/div>\r\n                <\/div><div class=\"card card-member \" id=\"\">\r\n                  <div class=\"row no-gutters\">\r\n                    <div class=\"col-md-auto\">\r\n                      <div class=\"img\"><img loading=\"lazy\" decoding=\"async\" width=\"190\" height=\"170\" src=\"https:\/\/www.cimnetecnologia.com\/wp-content\/uploads\/2020\/02\/empresa-8.jpg\" class=\"attachment-empresa size-empresa\" alt=\"\" srcset=\"https:\/\/www.cimnetecnologia.com\/wp-content\/uploads\/2020\/02\/empresa-8.jpg 190w, https:\/\/www.cimnetecnologia.com\/wp-content\/uploads\/2020\/02\/empresa-8-100x89.jpg 100w\" sizes=\"auto, (max-width: 190px) 100vw, 190px\" \/><\/div>\r\n                    <\/div>\r\n                    <div class=\"col-md\">\r\n                      <div class=\"card-body\">\r\n                        <h4 class=\"h3\">Lyncos Technologies S.L.<\/h4>\r\n                        \r\n                        <a href=\"http:\/\/www.lyncos.com\" title=\"http:\/\/www.lyncos.com\" target=\"_blank\">http:\/\/www.lyncos.com<\/a>\r\n                        <div class=\"card-text\"><p>Empresa creada l&#8217;any 2011 per un grup d&#8217;investigadors i participada per CIMNE Tecnologia. Model: Participaci\u00f3 en la societat. T\u00e9 com a objecte oferir serveis de gesti\u00f3 remota de dispositius a trav\u00e9s d&#8217;un sistema Cloud.<\/p>\n<\/div>\r\n                      <\/div>\r\n                    <\/div>\r\n                  <\/div>\r\n                <\/div><div class=\"card card-member \" id=\"\">\r\n                  <div class=\"row no-gutters\">\r\n                    <div class=\"col-md-auto\">\r\n                      <div class=\"img\"><img loading=\"lazy\" decoding=\"async\" width=\"190\" height=\"170\" src=\"https:\/\/www.cimnetecnologia.com\/wp-content\/uploads\/2020\/02\/empresa-9.jpg\" class=\"attachment-empresa size-empresa\" alt=\"\" srcset=\"https:\/\/www.cimnetecnologia.com\/wp-content\/uploads\/2020\/02\/empresa-9.jpg 190w, https:\/\/www.cimnetecnologia.com\/wp-content\/uploads\/2020\/02\/empresa-9-100x89.jpg 100w\" sizes=\"auto, (max-width: 190px) 100vw, 190px\" \/><\/div>\r\n                    <\/div>\r\n                    <div class=\"col-md\">\r\n                      <div class=\"card-body\">\r\n                        <h4 class=\"h3\">Portable Multimedia Solutions S.L.<\/h4>\r\n                        \r\n                        <a href=\"http:\/\/www.portablemultimediasolutions.com\" title=\"http:\/\/www.portablemultimediasolutions.com\" target=\"_blank\">http:\/\/www.portablemultimediasolutions.com<\/a>\r\n                        <div class=\"card-text\"><p>Empresa creada l&#8217;any 2014 participada per Cimne Tecnolog\u00eda. Model: Participaci\u00f3 en la societat i lic\u00e8ncia d&#8217;explotaci\u00f3. Especialitzada en el desenvolupament i m\u00e0rqueting d&#8217;estructures inflables amb tecnologia multim\u00e9dia emmbebida per a esdeveniments de tot tipus.<\/p>\n<\/div>\r\n                      <\/div>\r\n                    <\/div>\r\n                  <\/div>\r\n                <\/div><div class=\"card card-member \" id=\"\">\r\n                  <div class=\"row no-gutters\">\r\n                    <div class=\"col-md-auto\">\r\n                      <div class=\"img\"><img loading=\"lazy\" decoding=\"async\" width=\"190\" height=\"170\" src=\"https:\/\/www.cimnetecnologia.com\/wp-content\/uploads\/2020\/02\/empresa-10.jpg\" class=\"attachment-empresa size-empresa\" alt=\"\" srcset=\"https:\/\/www.cimnetecnologia.com\/wp-content\/uploads\/2020\/02\/empresa-10.jpg 190w, https:\/\/www.cimnetecnologia.com\/wp-content\/uploads\/2020\/02\/empresa-10-100x89.jpg 100w\" sizes=\"auto, (max-width: 190px) 100vw, 190px\" \/><\/div>\r\n                    <\/div>\r\n                    <div class=\"col-md\">\r\n                      <div class=\"card-body\">\r\n                        <h4 class=\"h3\">Fresh Water Nature S.L.<\/h4>\r\n                        \r\n                        \r\n                        <div class=\"card-text\"><p>Empresa creada l&#8217;any 2013 per Cimne Tecnologia. Model: Participaci\u00f3 en la societat i llic\u00e8ncia de tecnologia. Especialitzada en el desenvolupament de solucions per obtenir aigua potable dessalinitzant l&#8217;aigua de mar i destil.lant aig\u00fces residuals.<\/p>\n<\/div>\r\n                      <\/div>\r\n                    <\/div>\r\n                  <\/div>\r\n                <\/div><div class=\"card card-member \" id=\"\">\r\n                  <div class=\"row no-gutters\">\r\n                    <div class=\"col-md-auto\">\r\n                      <div class=\"img\"><img loading=\"lazy\" decoding=\"async\" width=\"190\" height=\"170\" src=\"https:\/\/www.cimnetecnologia.com\/wp-content\/uploads\/2020\/02\/empresa-11.jpg\" class=\"attachment-empresa size-empresa\" alt=\"\" srcset=\"https:\/\/www.cimnetecnologia.com\/wp-content\/uploads\/2020\/02\/empresa-11.jpg 190w, https:\/\/www.cimnetecnologia.com\/wp-content\/uploads\/2020\/02\/empresa-11-100x89.jpg 100w\" sizes=\"auto, (max-width: 190px) 100vw, 190px\" \/><\/div>\r\n                    <\/div>\r\n                    <div class=\"col-md\">\r\n                      <div class=\"card-body\">\r\n                        <h4 class=\"h3\">Health App S.L.<\/h4>\r\n                        \r\n                        <a href=\"http:\/\/www.bcnhealthapp.com\" title=\"http:\/\/www.bcnhealthapp.com\" target=\"_blank\">http:\/\/www.bcnhealthapp.com<\/a>\r\n                        <div class=\"card-text\"><p>Empresa creada l&#8217;any 2013 per un grup de cient\u00edfics i participada per Cimne Tecnologia. Model: Participaci\u00f3 en la societat. Dedicada a millorar el contacte entre pacient i terapeuta proporcionant informaci\u00f3 fiable a pacients i familiars sobre la ter\u00e0pia i el seu proc\u00e9s.<\/p>\n<\/div>\r\n                      <\/div>\r\n                    <\/div>\r\n                  <\/div>\r\n                <\/div><div class=\"card card-member \" id=\"\">\r\n                  <div class=\"row no-gutters\">\r\n                    <div class=\"col-md-auto\">\r\n                      <div class=\"img\"><img loading=\"lazy\" decoding=\"async\" width=\"190\" height=\"170\" src=\"https:\/\/www.cimnetecnologia.com\/wp-content\/uploads\/2020\/02\/empresa-12.jpg\" class=\"attachment-empresa size-empresa\" alt=\"\" srcset=\"https:\/\/www.cimnetecnologia.com\/wp-content\/uploads\/2020\/02\/empresa-12.jpg 190w, https:\/\/www.cimnetecnologia.com\/wp-content\/uploads\/2020\/02\/empresa-12-100x89.jpg 100w\" sizes=\"auto, (max-width: 190px) 100vw, 190px\" \/><\/div>\r\n                    <\/div>\r\n                    <div class=\"col-md\">\r\n                      <div class=\"card-body\">\r\n                        <h4 class=\"h3\">Pneumatic Structures Technologies S.L.<\/h4>\r\n                        \r\n                        <a href=\"http:\/\/ps-technologies.com\" title=\"http:\/\/ps-technologies.com\" target=\"_blank\">http:\/\/ps-technologies.com<\/a>\r\n                        <div class=\"card-text\"><p>Empresa creada l&#8217;any 2015 participada amb un 20% per Cimne Tecnolog\u00eda S.A. Est\u00e0 especialitzada en el desenvolupament de solucions innovadores per estructures pneum\u00e0tiques aplicables a un ampli nombre de problemes d&#8217;enginyeria.<\/p>\n<\/div>\r\n                      <\/div>\r\n                    <\/div>\r\n                  <\/div>\r\n                <\/div><div class=\"card card-member \" id=\"\">\r\n                  <div class=\"row no-gutters\">\r\n                    <div class=\"col-md-auto\">\r\n                      <div class=\"img\"><img loading=\"lazy\" decoding=\"async\" width=\"190\" height=\"170\" src=\"https:\/\/www.cimnetecnologia.com\/wp-content\/uploads\/2020\/02\/empresa-16.jpg\" class=\"attachment-empresa size-empresa\" alt=\"\" srcset=\"https:\/\/www.cimnetecnologia.com\/wp-content\/uploads\/2020\/02\/empresa-16.jpg 190w, https:\/\/www.cimnetecnologia.com\/wp-content\/uploads\/2020\/02\/empresa-16-100x89.jpg 100w\" sizes=\"auto, (max-width: 190px) 100vw, 190px\" \/><\/div>\r\n                    <\/div>\r\n                    <div class=\"col-md\">\r\n                      <div class=\"card-body\">\r\n                        <h4 class=\"h3\">INLOC ROBOTICS S.L.<\/h4>\r\n                        \r\n                        <a href=\"http:\/\/inlocrobotics.com\" title=\"http:\/\/inlocrobotics.com\" target=\"_blank\">http:\/\/inlocrobotics.com<\/a>\r\n                        <div class=\"card-text\"><p>Empresa creada l&#8217;any 2014 i participada pel Cimne Tecnolog\u00eda S.A. des de l&#8217;octubre 2015. L&#8217;objectiu principal d&#8217;INLOC Robotics S.L. es desenvolupar soluciones per posicionament i navegaci\u00f3 de robots m\u00f2bils que treballen en infraestructures enterrades. Como poden ser els sistemes de drenatge urb\u00e0, infraestructures d&#8217;aigua potable o xarxes el.l\u00e8ctriques.<\/p>\n<\/div>\r\n                      <\/div>\r\n                    <\/div>\r\n                  <\/div>\r\n                <\/div><div class=\"card card-member \" id=\"\">\r\n                  <div class=\"row no-gutters\">\r\n                    <div class=\"col-md-auto\">\r\n                      <div class=\"img\"><img loading=\"lazy\" decoding=\"async\" width=\"190\" height=\"170\" src=\"https:\/\/www.cimnetecnologia.com\/wp-content\/uploads\/2020\/02\/empresa-13.jpg\" class=\"attachment-empresa size-empresa\" alt=\"\" srcset=\"https:\/\/www.cimnetecnologia.com\/wp-content\/uploads\/2020\/02\/empresa-13.jpg 190w, https:\/\/www.cimnetecnologia.com\/wp-content\/uploads\/2020\/02\/empresa-13-100x89.jpg 100w\" sizes=\"auto, (max-width: 190px) 100vw, 190px\" \/><\/div>\r\n                    <\/div>\r\n                    <div class=\"col-md\">\r\n                      <div class=\"card-body\">\r\n                        <h4 class=\"h3\">Scipedia S.L.<\/h4>\r\n                        \r\n                        <a href=\"http:\/\/www.scipedia.com\" title=\"http:\/\/www.scipedia.com\" target=\"_blank\">http:\/\/www.scipedia.com<\/a>\r\n                        <div class=\"card-text\"><p>Empresa creada en 2016. Participada per CIMNE Tecnolog\u00eda. Scipedia \u00e9s una editora digital cient\u00edfica i tecnol\u00f2gica i xarxa social professional. Scipedia t\u00e9 com a objectiu connectar investigadors i professionals en ci\u00e8ncia i tecnologia i facilitar l&#8217;intercanvi de coneixement i el resultat del seus treballs. Amb aquest prop\u00f2sit, Scipedia ofereix una plataforma innovadora que proveeix un servei de publicacions gratu\u00eft i d&#8217;acc\u00e9s obert per difondre els resultats dels treballs cient\u00edfics i t\u00e8cnics.<\/p>\n<\/div>\r\n                      <\/div>\r\n                    <\/div>\r\n                  <\/div>\r\n                <\/div><div class=\"card card-member \" id=\"\">\r\n                  <div class=\"row no-gutters\">\r\n                    <div class=\"col-md-auto\">\r\n                      <div class=\"img\"><img loading=\"lazy\" decoding=\"async\" width=\"190\" height=\"170\" src=\"https:\/\/www.cimnetecnologia.com\/wp-content\/uploads\/2020\/02\/empresa-14-190x170.jpg\" class=\"attachment-empresa size-empresa\" alt=\"\" srcset=\"https:\/\/www.cimnetecnologia.com\/wp-content\/uploads\/2020\/02\/empresa-14.jpg 190w, https:\/\/www.cimnetecnologia.com\/wp-content\/uploads\/2020\/02\/empresa-14-100x90.jpg 100w\" sizes=\"auto, (max-width: 190px) 100vw, 190px\" \/><\/div>\r\n                    <\/div>\r\n                    <div class=\"col-md\">\r\n                      <div class=\"card-body\">\r\n                        <h4 class=\"h3\">Beedata Analytics, SL<\/h4>\r\n                        \r\n                        <a href=\"http:\/\/www.beedataanalytics.com\" title=\"http:\/\/www.beedataanalytics.com\" target=\"_blank\">http:\/\/www.beedataanalytics.com<\/a>\r\n                        <div class=\"card-text\"><p>Empresa creada l&#8217;any 2017 i participada pel CIMNE Tecnologia. Beedata ofereix serveis TIC basats en l&#8217;analisis de grans bases de dades per apropar a les companyies energ\u00e8tiques al consumidor.<\/p>\n<\/div>\r\n                      <\/div>\r\n                    <\/div>\r\n                  <\/div>\r\n                <\/div><div class=\"card card-member \" id=\"\">\r\n                  <div class=\"row no-gutters\">\r\n                    <div class=\"col-md-auto\">\r\n                      <div class=\"img\"><img loading=\"lazy\" decoding=\"async\" width=\"190\" height=\"170\" src=\"https:\/\/www.cimnetecnologia.com\/wp-content\/uploads\/2020\/02\/empresa-15-190x170.png\" class=\"attachment-empresa size-empresa\" alt=\"\" srcset=\"https:\/\/www.cimnetecnologia.com\/wp-content\/uploads\/2020\/02\/empresa-15.png 190w, https:\/\/www.cimnetecnologia.com\/wp-content\/uploads\/2020\/02\/empresa-15-100x90.png 100w\" sizes=\"auto, (max-width: 190px) 100vw, 190px\" \/><\/div>\r\n                    <\/div>\r\n                    <div class=\"col-md\">\r\n                      <div class=\"card-body\">\r\n                        <h4 class=\"h3\">OKTICS ATZ SL.<\/h4>\r\n                        \r\n                        <a href=\"http:\/\/www.oktics.com\" title=\"http:\/\/www.oktics.com\" target=\"_blank\">http:\/\/www.oktics.com<\/a>\r\n                        <div class=\"card-text\"><p>Empresa creada l&#8217;any 2019. Tecnologia de senyals digitals i dispositius per a una varietat d&#8217;aplicacions en la ind\u00fastria. 24,5% propietat de CIMNE Tecnolog\u00eda S.A.<\/p>\n<\/div>\r\n                      <\/div>\r\n                    <\/div>\r\n                  <\/div>\r\n                <\/div>[\/vc_column][\/vc_row][\/vc_section]<\/p>\n<\/div>","protected":false},"excerpt":{"rendered":"<p>[vc_section el_id=&#8221;empresas&#8221;][vc_row][vc_column][vc_column_text] Empreses. Empreses spin-off de CIMNE i CIMNE Tecnologia per a la industrialitzaci\u00f3 i comercialitzaci\u00f3 de tecnologies a nivell [&hellip;]<\/p>\n","protected":false},"author":4,"featured_media":0,"parent":0,"menu_order":0,"comment_status":"closed","ping_status":"closed","template":"","meta":{"_acf_changed":false,"footnotes":""},"class_list":["post-266","page","type-page","status-publish","hentry"],"acf":[],"_links":{"self":[{"href":"https:\/\/www.cimnetecnologia.com\/ca\/wp-json\/wp\/v2\/pages\/266","targetHints":{"allow":["GET"]}}],"collection":[{"href":"https:\/\/www.cimnetecnologia.com\/ca\/wp-json\/wp\/v2\/pages"}],"about":[{"href":"https:\/\/www.cimnetecnologia.com\/ca\/wp-json\/wp\/v2\/types\/page"}],"author":[{"embeddable":true,"href":"https:\/\/www.cimnetecnologia.com\/ca\/wp-json\/wp\/v2\/users\/4"}],"replies":[{"embeddable":true,"href":"https:\/\/www.cimnetecnologia.com\/ca\/wp-json\/wp\/v2\/comments?post=266"}],"version-history":[{"count":0,"href":"https:\/\/www.cimnetecnologia.com\/ca\/wp-json\/wp\/v2\/pages\/266\/revisions"}],"wp:attachment":[{"href":"https:\/\/www.cimnetecnologia.com\/ca\/wp-json\/wp\/v2\/media?parent=266"}],"curies":[{"name":"wp","href":"https:\/\/api.w.org\/{rel}","templated":true}]}}