{"id":268,"date":"2020-02-16T00:10:08","date_gmt":"2020-02-16T00:10:08","guid":{"rendered":"http:\/\/cimnetecnologia.com\/inici\/"},"modified":"2020-06-16T15:11:45","modified_gmt":"2020-06-16T15:11:45","slug":"inici","status":"publish","type":"page","link":"https:\/\/www.cimnetecnologia.com\/ca\/","title":{"rendered":"Inici"},"content":{"rendered":"<div class=\"wpb-content-wrapper\"><p>[vc_row][vc_column][vc_tta_pageable no_fill_content_area=&#8221;1&#8243; autoplay=&#8221;10&#8243; active_section=&#8221;1&#8243; css_animation=&#8221;none&#8221; el_id=&#8221;home-carousel&#8221;][vc_tta_section title=&#8221;Secci\u00f3n 2&#8243; tab_id=&#8221;slide2&#8243;][vc_row_inner][vc_column_inner offset=&#8221;vc_col-md-6&#8243;][vc_column_text]<\/p>\n<h2>Estructures inflables.Esdevenir<\/h2>\n<h3>Portable Multimedia Solutions<\/h3>\n<p>Estructures d&#8217;alt valor arquitect\u00f2nic i tecnol\u00f2gic, amb un gran impacte visual, molt f\u00e0cils de muntar i desmuntar per a esdeveniments de tot tipus. Incorporen elements multim\u00e8dia integrats en la seva estructura[\/vc_column_text][\/vc_column_inner][vc_column_inner offset=&#8221;vc_col-md-6&#8243;][vc_single_image image=&#8221;66&#8243; img_size=&#8221;slide&#8221;][\/vc_column_inner][\/vc_row_inner][\/vc_tta_section][vc_tta_section title=&#8221;Secci\u00f3n 3&#8243; tab_id=&#8221;slide3&#8243;][vc_row_inner][vc_column_inner offset=&#8221;vc_col-md-6&#8243;][vc_column_text]<\/p>\n<h2>Estructures Inflables. Hangars<\/h2>\n<h3>Buildair Ingenier\u00eda y Arquitectura<\/h3>\n<p>Hangars i grans estructures ultra-lleugeres i resistents per a aplicacions en aeron\u00e0utica, emerg\u00e8ncies i obres civils.[\/vc_column_text][\/vc_column_inner][vc_column_inner offset=&#8221;vc_col-md-6&#8243;][vc_single_image image=&#8221;69&#8243; img_size=&#8221;slide&#8221;][\/vc_column_inner][\/vc_row_inner][\/vc_tta_section][vc_tta_section title=&#8221;Secci\u00f3n 4&#8243; tab_id=&#8221;slide4&#8243;][vc_row_inner][vc_column_inner offset=&#8221;vc_col-md-6&#8243;][vc_column_text]<\/p>\n<h2>SIE &#8211; BEIS<\/h2>\n<h3>Serveis Energ\u00e8tics Avan\u00e7ats<\/h3>\n<p>Sistemes ASP per a optimitzaci\u00f3 i estalvi energ\u00e8tic.[\/vc_column_text][\/vc_column_inner][vc_column_inner offset=&#8221;vc_col-md-6&#8243;][vc_single_image image=&#8221;72&#8243; img_size=&#8221;slide&#8221;][\/vc_column_inner][\/vc_row_inner][\/vc_tta_section][vc_tta_section title=&#8221;Secci\u00f3n 5&#8243; tab_id=&#8221;slide5&#8243;][vc_row_inner][vc_column_inner offset=&#8221;vc_col-md-6&#8243;][vc_column_text]<\/p>\n<h2>Lhings<\/h2>\n<h3>Lyncos Technologies<\/h3>\n<div>Sistema basat en Cloud per a la gesti\u00f3 remota de dispositius<\/div>\n<p>[\/vc_column_text][\/vc_column_inner][vc_column_inner offset=&#8221;vc_col-md-6&#8243;][vc_single_image image=&#8221;75&#8243; img_size=&#8221;slide&#8221;][\/vc_column_inner][\/vc_row_inner][\/vc_tta_section][vc_tta_section title=&#8221;Secci\u00f3n 6&#8243; tab_id=&#8221;slide6&#8243;][vc_row_inner][vc_column_inner offset=&#8221;vc_col-md-6&#8243;][vc_column_text]<\/p>\n<h2>Lognoter<\/h2>\n<h3>Compass Ingenier\u00eda y sistemas<\/h3>\n<p>Eina per facilitar l&#8217;emmagatzemament i gesti\u00f3 de l&#8217;informaci\u00f3 per millorar la comunicaci\u00f3 corporativa[\/vc_column_text][\/vc_column_inner][vc_column_inner offset=&#8221;vc_col-md-6&#8243;][vc_single_image image=&#8221;78&#8243; img_size=&#8221;slide&#8221;][\/vc_column_inner][\/vc_row_inner][\/vc_tta_section][vc_tta_section title=&#8221;Secci\u00f3n 7&#8243; tab_id=&#8221;slide7&#8243;][vc_row_inner][vc_column_inner offset=&#8221;vc_col-md-6&#8243;][vc_column_text]<\/p>\n<h2>Tdyn<\/h2>\n<h3>Compass Ingenier\u00eda y Sistemas<\/h3>\n<p>Entorn de c\u00e0lcul per simulacions de fluids, multi-f\u00edsics i interacci\u00f3 fluids-estructura, basats en el m\u00e8tode dels elements finits[\/vc_column_text][\/vc_column_inner][vc_column_inner offset=&#8221;vc_col-md-6&#8243;][vc_single_image image=&#8221;81&#8243; img_size=&#8221;slide&#8221;][\/vc_column_inner][\/vc_row_inner][\/vc_tta_section][vc_tta_section title=&#8221;Secci\u00f3n 8&#8243; tab_id=&#8221;slide8&#8243;][vc_row_inner][vc_column_inner offset=&#8221;vc_col-md-6&#8243;][vc_column_text]<\/p>\n<h2>RamSeries<\/h2>\n<h3>Compass Ingenier\u00eda y Sistemas<\/h3>\n<p>Entorn tridimensional avan\u00e7at d&#8217;an\u00e0lisis estructural, incloent models de biga, l\u00e0mines, membranes, cables i s\u00f2lids[\/vc_column_text][\/vc_column_inner][vc_column_inner offset=&#8221;vc_col-md-6&#8243;][vc_single_image image=&#8221;84&#8243; img_size=&#8221;slide&#8221;][\/vc_column_inner][\/vc_row_inner][\/vc_tta_section][vc_tta_section title=&#8221;Secci\u00f3n 9&#8243; tab_id=&#8221;slide9&#8243;][vc_row_inner][vc_column_inner offset=&#8221;vc_col-md-6&#8243;][vc_column_text]<\/p>\n<h2>TCApp<\/h2>\n<h3>HealthApp<\/h3>\n<p>Producte dissenyat per acompanyar al pacient durant una ter\u00e0pia de trastorn alimentari (com l&#8217;Anor\u00e8xia nerviosa, Bul\u00edmia o el trastorn per atrac\u00f3)[\/vc_column_text][\/vc_column_inner][vc_column_inner width=&#8221;11\/12&#8243; offset=&#8221;vc_col-md-6&#8243;][vc_single_image image=&#8221;87&#8243; img_size=&#8221;slide&#8221;][\/vc_column_inner][\/vc_row_inner][\/vc_tta_section][vc_tta_section title=&#8221;Secci\u00f3n 10&#8243; tab_id=&#8221;slide10&#8243;][vc_row_inner][vc_column_inner offset=&#8221;vc_col-md-6&#8243;][vc_column_text]<\/p>\n<h2>Fresh Water Nature<\/h2>\n<h3>Fresh Water Nature s.l.<\/h3>\n<p>Empresa especialitzada en el desenvolupament de solucions per obtenir aigua potable a partir de la dessalinitzaci\u00f3 de l&#8217;aigua de mar i destil\u00b7laci\u00f3 d&#8217;aig\u00fces residuals[\/vc_column_text][\/vc_column_inner][vc_column_inner offset=&#8221;vc_col-md-6&#8243;][vc_single_image image=&#8221;90&#8243; img_size=&#8221;slide&#8221;][\/vc_column_inner][\/vc_row_inner][\/vc_tta_section][\/vc_tta_pageable][vc_column_text el_class=&#8221;full-width&#8221; el_id=&#8221;home-mission&#8221;]<\/p>\n<h3>CIMNE Tecnologia t\u00e9 com a objecte la Transfer\u00e8ncia de Tecnologia<\/h3>\n<p>Empresa creada en 2011 com a mitj\u00e0 propi de\u00a0<a title=\"CIMNE\" href=\"http:\/\/www.cimne.com\" target=\"_blank\" rel=\"noopener noreferrer\">CIMNE<\/a>\u00a0per industrialitzar i comercialitzar a nivell mundial les m\u00e9s avan\u00e7ades tecnologies desenvolupades en\u00a0<a title=\"CIMNE\" href=\"http:\/\/www.cimne.com\" target=\"_blank\" rel=\"noopener noreferrer\">CIMNE<\/a>.[\/vc_column_text][vc_column_text el_id=&#8221;home-tools-header&#8221; el_class=&#8221;full-width&#8221;]<\/p>\n<h2>Instruments per a la transfer\u00e8ncia de tecnologia<\/h2>\n<h2><strong>\u00a0<\/strong><\/h2>\n<p>[\/vc_column_text][vc_row_inner el_id=&#8221;home-tools&#8221;][vc_column_inner el_class=&#8221;home-tool&#8221; offset=&#8221;vc_col-md-6&#8243;][vc_column_text]<\/p>\n<h3><strong>1 <\/strong>Llic\u00e8ncies de tecnologia<\/h3>\n<p>CIMNE Tecnologia concedeix un perm\u00eds per usar, transformar i comercialitzar en un \u00e0mbit geogr\u00e0fic limitat i per un temps establert, una tecnologia pr\u00f2pia. El contracte no altera la titularitat de la tecnologia.[\/vc_column_text][\/vc_column_inner][vc_column_inner el_class=&#8221;home-tool&#8221; offset=&#8221;vc_col-md-6&#8243;][vc_column_text]<\/p>\n<h3><strong>2 <\/strong>Creaci\u00f3 i participaci\u00f3 de spin-offs<\/h3>\n<p>CIMNE Tecnologia actua com a incubadora i mant\u00e9 participacions en empreses per promoure la comercialitzaci\u00f3 de les tecnologies de\u00a0<a title=\"CIMNE\" href=\"http:\/\/www.cimne.com\" target=\"_blank\" rel=\"noopener noreferrer\">CIMNE<\/a>\u00a0amb l&#8217;objecte de maximitzar i garantir les tornades per la seva explotaci\u00f3.[\/vc_column_text][\/vc_column_inner][\/vc_row_inner][vc_row_inner el_id=&#8221;home-about&#8221; el_class=&#8221;no-gutters&#8221;][vc_column_inner el_class=&#8221;video&#8221; offset=&#8221;vc_col-md-5&#8243;][vc_video link=&#8221;https:\/\/www.youtube.com\/watch?v=6rOQ3_3BszE&#8221;][\/vc_column_inner][vc_column_inner el_class=&#8221;caption&#8221; offset=&#8221;vc_col-md-7&#8243;][vc_custom_heading text=&#8221;Qui som&#8221; use_theme_fonts=&#8221;yes&#8221;][vc_column_text]CIMNE Tecnologia compta amb un equip amb m\u00e9s de quinze anys d&#8217;experi\u00e8ncia en diferents \u00e0mbits directament relacionats amb la creaci\u00f3, gesti\u00f3 i creixement d&#8217;empreses de base tecnol\u00f2gica. El seu equip multidisciplinari \u00e9s expert en el desenvolupament d&#8217;estrat\u00e8gies de comercialitzaci\u00f3, la industrialitzaci\u00f3 de tecnologia, la busqueda de finan\u00e7ament de noves empreses i la construcci\u00f3 de consorcis internacionals.[\/vc_column_text][vc_btn title=&#8221;Seguir llegint&#8221; link=&#8221;url:http%3A%2F%2Fcimnetecnologia.com%2Fca%2Fsobre-nosaltres|title:Qui%20som|&#8221; el_class=&#8221;btn btn-default&#8221;][\/vc_column_inner][\/vc_row_inner][\/vc_column][\/vc_row]<\/p>\n<\/div>","protected":false},"excerpt":{"rendered":"<p>[vc_row][vc_column][vc_tta_pageable no_fill_content_area=&#8221;1&#8243; autoplay=&#8221;10&#8243; active_section=&#8221;1&#8243; css_animation=&#8221;none&#8221; el_id=&#8221;home-carousel&#8221;][vc_tta_section title=&#8221;Secci\u00f3n 2&#8243; tab_id=&#8221;slide2&#8243;][vc_row_inner][vc_column_inner offset=&#8221;vc_col-md-6&#8243;][vc_column_text] Estructures inflables.Esdevenir Portable Multimedia Solutions Estructures d&#8217;alt valor arquitect\u00f2nic i [&hellip;]<\/p>\n","protected":false},"author":4,"featured_media":0,"parent":0,"menu_order":0,"comment_status":"closed","ping_status":"closed","template":"","meta":{"_acf_changed":false,"footnotes":""},"class_list":["post-268","page","type-page","status-publish","hentry"],"acf":[],"_links":{"self":[{"href":"https:\/\/www.cimnetecnologia.com\/ca\/wp-json\/wp\/v2\/pages\/268","targetHints":{"allow":["GET"]}}],"collection":[{"href":"https:\/\/www.cimnetecnologia.com\/ca\/wp-json\/wp\/v2\/pages"}],"about":[{"href":"https:\/\/www.cimnetecnologia.com\/ca\/wp-json\/wp\/v2\/types\/page"}],"author":[{"embeddable":true,"href":"https:\/\/www.cimnetecnologia.com\/ca\/wp-json\/wp\/v2\/users\/4"}],"replies":[{"embeddable":true,"href":"https:\/\/www.cimnetecnologia.com\/ca\/wp-json\/wp\/v2\/comments?post=268"}],"version-history":[{"count":5,"href":"https:\/\/www.cimnetecnologia.com\/ca\/wp-json\/wp\/v2\/pages\/268\/revisions"}],"predecessor-version":[{"id":800,"href":"https:\/\/www.cimnetecnologia.com\/ca\/wp-json\/wp\/v2\/pages\/268\/revisions\/800"}],"wp:attachment":[{"href":"https:\/\/www.cimnetecnologia.com\/ca\/wp-json\/wp\/v2\/media?parent=268"}],"curies":[{"name":"wp","href":"https:\/\/api.w.org\/{rel}","templated":true}]}}